{"id":2,"date":"2025-09-04T19:02:18","date_gmt":"2025-09-04T19:02:18","guid":{"rendered":"https:\/\/sebastianrabinowicz.com\/?page_id=2"},"modified":"2025-09-05T13:07:18","modified_gmt":"2025-09-05T13:07:18","slug":"sample-page","status":"publish","type":"page","link":"https:\/\/sebastianrabinowicz.com\/","title":{"rendered":"Inicio"},"content":{"rendered":"<p>[et_pb_section fb_built=\u00bb1&#8243; admin_label=\u00bbHeader\u00bb _builder_version=\u00bb4.27.4&#8243; _module_preset=\u00bbdefault\u00bb background_enable_color=\u00bboff\u00bb use_background_color_gradient=\u00bbon\u00bb background_color_gradient_stops=\u00bb#000f72 2%|#ffffff 100%\u00bb custom_padding=\u00bb0px||0px||true|false\u00bb collapsed=\u00bbon\u00bb global_colors_info=\u00bb{}\u00bb][et_pb_row column_structure=\u00bb3_5,2_5&#8243; make_equal=\u00bbon\u00bb _builder_version=\u00bb4.27.4&#8243; _module_preset=\u00bbdefault\u00bb custom_padding=\u00bb0px||0px||true|false\u00bb border_color_all=\u00bb#0E2D41&#8243; border_width_bottom=\u00bb2px\u00bb global_colors_info=\u00bb{}\u00bb][et_pb_column type=\u00bb3_5&#8243; _builder_version=\u00bb4.20.0&#8243; _module_preset=\u00bbdefault\u00bb custom_padding=\u00bb6%||6%||true|false\u00bb global_colors_info=\u00bb{}\u00bb][et_pb_text _builder_version=\u00bb4.27.4&#8243; _module_preset=\u00bb_initial\u00bb header_font=\u00bbPoppins|600|||||||\u00bb header_text_color=\u00bb#FFFFFF\u00bb header_font_size=\u00bb60px\u00bb header_line_height=\u00bb1.2em\u00bb custom_margin=\u00bb||30px||false|false\u00bb header_font_size_tablet=\u00bb40px\u00bb header_font_size_phone=\u00bb24px\u00bb header_font_size_last_edited=\u00bbon|desktop\u00bb global_colors_info=\u00bb{}\u00bb]<\/p>\n<h1>Sebasti\u00e1n Rabinowicz<\/h1>\n<p>[\/et_pb_text][et_pb_text _builder_version=\u00bb4.27.4&#8243; _module_preset=\u00bb_initial\u00bb text_font=\u00bbWork Sans||||||||\u00bb text_text_color=\u00bb#FFFFFF\u00bb text_font_size=\u00bb16px\u00bb text_line_height=\u00bb1.8em\u00bb custom_margin=\u00bb||30px||false|false\u00bb text_font_size_tablet=\u00bb15px\u00bb text_font_size_phone=\u00bb14px\u00bb text_font_size_last_edited=\u00bbon|phone\u00bb header_font_size_tablet=\u00bb55px\u00bb header_font_size_last_edited=\u00bboff|desktop\u00bb global_colors_info=\u00bb{}\u00bb]<\/p>\n<p><span>Trabajo hace m\u00e1s de 22 a\u00f1os acompa\u00f1ando a todo tipo de organizaciones en la implementaci\u00f3n de sistemas de gesti\u00f3n y especializaci\u00f3n en normas de Sostenibilidad y Compliance. <\/span><\/p>\n<p><span>Soy uno de los referentes en las ISO 37001 (Antisoborno) y 37301 (Compliance), combinando un enfoque t\u00e9cnico con una mirada estrat\u00e9gica y de creaci\u00f3n de valor. Creo en el valor de construir una Cultura Organizacional s\u00f3lida, donde el cumplimiento y la transparencia no sea solo obligaciones, sino herramientas reales para tomar mejores decisiones y generar confianza.<\/span><\/p>\n<p>[\/et_pb_text][et_pb_button button_url=\u00bbhttps:\/\/wa.link\/hwupr0&#8243; button_text=\u00bb\u00bfNos reunimos?\u00bb _builder_version=\u00bb4.27.4&#8243; _module_preset=\u00bb_initial\u00bb custom_button=\u00bbon\u00bb button_text_size=\u00bb16px\u00bb button_text_color=\u00bb#FFFFFF\u00bb button_bg_color=\u00bbRGBA(255,255,255,0)\u00bb button_border_width=\u00bb2px\u00bb button_border_color=\u00bb#FFFFFF\u00bb button_border_radius=\u00bb100px\u00bb button_font=\u00bbWork Sans|500||on|||||\u00bb custom_padding=\u00bb20px|30px|20px|30px|true|true\u00bb global_colors_info=\u00bb{}\u00bb button_bg_color__hover=\u00bb#e2f0ed\u00bb button_bg_color__hover_enabled=\u00bbon|hover\u00bb][\/et_pb_button][\/et_pb_column][et_pb_column type=\u00bb2_5&#8243; _builder_version=\u00bb4.27.4&#8243; _module_preset=\u00bbdefault\u00bb background_image=\u00bbhttps:\/\/sebastianrabinowicz.com\/wp-content\/uploads\/2025\/09\/Sebastian-Rabinowicz-4-scaled.png\u00bb background_position=\u00bbtop_left\u00bb border_color_all=\u00bb#0E2D41&#8243; border_width_left=\u00bb2px\u00bb global_colors_info=\u00bb{}\u00bb][et_pb_divider show_divider=\u00bboff\u00bb _builder_version=\u00bb4.27.4&#8243; _module_preset=\u00bbdefault\u00bb height_tablet=\u00bb40vw\u00bb height_phone=\u00bb40vw\u00bb height_last_edited=\u00bbon|desktop\u00bb custom_padding=\u00bb||73px||false|false\u00bb locked=\u00bboff\u00bb global_colors_info=\u00bb{}\u00bb][\/et_pb_divider][\/et_pb_column][\/et_pb_row][et_pb_row column_structure=\u00bb1_6,1_6,1_6,1_6,1_6,1_6&#8243; _builder_version=\u00bb4.27.4&#8243; _module_preset=\u00bbdefault\u00bb width=\u00bb92.4%\u00bb max_width=\u00bb2560px\u00bb custom_margin=\u00bb|254px||41px||\u00bb custom_padding=\u00bb|0px||16px||\u00bb locked=\u00bboff\u00bb global_colors_info=\u00bb{}\u00bb][et_pb_column type=\u00bb1_6&#8243; _builder_version=\u00bb4.27.4&#8243; _module_preset=\u00bbdefault\u00bb global_colors_info=\u00bb{}\u00bb][et_pb_text _builder_version=\u00bb4.27.4&#8243; _module_preset=\u00bbdefault\u00bb header_2_font=\u00bb|700|||||||\u00bb header_2_text_color=\u00bb#FFFFFF\u00bb global_colors_info=\u00bb{}\u00bb]<\/p>\n<h2 style=\"text-align: center;\"><span style=\"color: #000000;\"><strong>+22 a\u00f1os<\/strong><\/span><\/h2>\n<p style=\"text-align: center;\"><span style=\"color: #333333;\">trabajando en normas de Sistemas de Gesti\u00f3n<\/span><\/p>\n<p>[\/et_pb_text][\/et_pb_column][et_pb_column type=\u00bb1_6&#8243; _builder_version=\u00bb4.27.4&#8243; _module_preset=\u00bbdefault\u00bb global_colors_info=\u00bb{}\u00bb][et_pb_text _builder_version=\u00bb4.27.4&#8243; _module_preset=\u00bbdefault\u00bb global_colors_info=\u00bb{}\u00bb]<\/p>\n<h2 style=\"text-align: center;\"><strong><span style=\"color: #000000;\">+7 a\u00f1os<\/span><\/strong><\/h2>\n<p style=\"text-align: center;\"><span style=\"color: #333333;\">trabajando con normas de Sostenibilidad y Compliance<\/span><\/p>\n<p>[\/et_pb_text][\/et_pb_column][et_pb_column type=\u00bb1_6&#8243; _builder_version=\u00bb4.27.4&#8243; _module_preset=\u00bbdefault\u00bb global_colors_info=\u00bb{}\u00bb][et_pb_text _builder_version=\u00bb4.27.4&#8243; _module_preset=\u00bbdefault\u00bb global_colors_info=\u00bb{}\u00bb]<\/p>\n<h2 style=\"text-align: center;\"><strong><span style=\"color: #000000;\">+14 a\u00f1os<\/span><\/strong><\/h2>\n<p style=\"text-align: center;\"><span style=\"color: #333333;\">como Docente Universitario<\/span><\/p>\n<p>[\/et_pb_text][\/et_pb_column][et_pb_column type=\u00bb1_6&#8243; _builder_version=\u00bb4.27.4&#8243; _module_preset=\u00bbdefault\u00bb global_colors_info=\u00bb{}\u00bb][et_pb_text _builder_version=\u00bb4.27.4&#8243; _module_preset=\u00bbdefault\u00bb global_colors_info=\u00bb{}\u00bb]<\/p>\n<h2 style=\"text-align: center;\"><span style=\"color: #000000;\"><strong>+7 a\u00f1os<\/strong><\/span><\/h2>\n<p style=\"text-align: center;\"><span style=\"color: #333333;\">como Auditor L\u00edder de Sistemas de Gesti\u00f3n<\/span><\/p>\n<p>[\/et_pb_text][\/et_pb_column][et_pb_column type=\u00bb1_6&#8243; _builder_version=\u00bb4.27.4&#8243; _module_preset=\u00bbdefault\u00bb global_colors_info=\u00bb{}\u00bb][et_pb_text _builder_version=\u00bb4.27.4&#8243; _module_preset=\u00bbdefault\u00bb global_colors_info=\u00bb{}\u00bb]<\/p>\n<h2 style=\"text-align: center;\"><span style=\"color: #000000;\"><strong>+150 d\u00edas<\/strong><\/span><\/h2>\n<p style=\"text-align: center;\"><span style=\"color: #333333;\">Auditor en normas de Compliance<\/span><\/p>\n<p>[\/et_pb_text][\/et_pb_column][et_pb_column type=\u00bb1_6&#8243; _builder_version=\u00bb4.27.4&#8243; _module_preset=\u00bbdefault\u00bb global_colors_info=\u00bb{}\u00bb][et_pb_text _builder_version=\u00bb4.27.4&#8243; _module_preset=\u00bbdefault\u00bb width=\u00bb100%\u00bb custom_margin=\u00bb|||0px||\u00bb custom_padding=\u00bb|0px||||\u00bb global_colors_info=\u00bb{}\u00bb]<\/p>\n<h2 style=\"text-align: center;\"><strong><span style=\"color: #000000;\">+100\u00a0<\/span><\/strong><\/h2>\n<p style=\"text-align: center;\"><span style=\"color: #333333;\">capacitaciones realizadas sobre Sistemas de Gesti\u00f3n<\/span><\/p>\n<p>[\/et_pb_text][\/et_pb_column][\/et_pb_row][\/et_pb_section][et_pb_section fb_built=\u00bb1&#8243; _builder_version=\u00bb4.20.0&#8243; _module_preset=\u00bbdefault\u00bb global_colors_info=\u00bb{}\u00bb][et_pb_row column_structure=\u00bb2_5,3_5&#8243; _builder_version=\u00bb4.20.0&#8243; _module_preset=\u00bbdefault\u00bb global_colors_info=\u00bb{}\u00bb][et_pb_column type=\u00bb2_5&#8243; _builder_version=\u00bb4.20.0&#8243; _module_preset=\u00bbdefault\u00bb global_colors_info=\u00bb{}\u00bb][et_pb_image src=\u00bbhttps:\/\/sebastianrabinowicz.com\/wp-content\/uploads\/2025\/09\/IMG_4726-scaled-1.jpg\u00bb title_text=\u00bbIMG_4726&#8243; _builder_version=\u00bb4.27.4&#8243; _module_preset=\u00bbdefault\u00bb global_colors_info=\u00bb{}\u00bb][\/et_pb_image][\/et_pb_column][et_pb_column type=\u00bb3_5&#8243; _builder_version=\u00bb4.20.0&#8243; _module_preset=\u00bbdefault\u00bb global_colors_info=\u00bb{}\u00bb][et_pb_text _builder_version=\u00bb4.27.4&#8243; _module_preset=\u00bb_initial\u00bb header_2_font=\u00bbPoppins|600|||||||\u00bb header_2_text_color=\u00bb#0e2d41&#8243; header_2_font_size=\u00bb40px\u00bb header_2_line_height=\u00bb1.2em\u00bb custom_margin=\u00bb||||false|false\u00bb header_2_font_size_tablet=\u00bb32px\u00bb header_2_font_size_phone=\u00bb20px\u00bb header_2_font_size_last_edited=\u00bbon|desktop\u00bb locked=\u00bboff\u00bb global_colors_info=\u00bb{}\u00bb]<\/p>\n<h2>Mi Misi\u00f3n<\/h2>\n<p>[\/et_pb_text][et_pb_text _builder_version=\u00bb4.27.4&#8243; _module_preset=\u00bb_initial\u00bb header_font=\u00bb||||||||\u00bb header_4_font=\u00bbPoppins|600|||||||\u00bb header_4_text_color=\u00bbgcid-1b9885b1-d5db-4c39-ab49-d8f90e824600&#8243; header_4_font_size=\u00bb20px\u00bb header_4_line_height=\u00bb1.4em\u00bb header_4_font_size_tablet=\u00bb16px\u00bb header_4_font_size_phone=\u00bb15px\u00bb header_4_font_size_last_edited=\u00bbon|desktop\u00bb locked=\u00bboff\u00bb global_colors_info=\u00bb{%22gcid-1b9885b1-d5db-4c39-ab49-d8f90e824600%22:%91%22header_4_text_color%22%93}\u00bb]<\/p>\n<h4>\u201c<span>Brindar acompa\u00f1amiento estrat\u00e9gico y t\u00e9cnico en Sostenibilidad, Compliance y Gesti\u00f3n Organizacional<\/span>.\u201d.<\/h4>\n<p>[\/et_pb_text][et_pb_text _builder_version=\u00bb4.27.4&#8243; _module_preset=\u00bb_initial\u00bb text_font=\u00bbWork Sans||||||||\u00bb text_text_color=\u00bb#326963&#8243; text_font_size=\u00bb16px\u00bb text_line_height=\u00bb1.8em\u00bb text_font_size_tablet=\u00bb15px\u00bb text_font_size_phone=\u00bb14px\u00bb text_font_size_last_edited=\u00bbon|phone\u00bb header_font_size_tablet=\u00bb55px\u00bb header_font_size_last_edited=\u00bboff|desktop\u00bb locked=\u00bboff\u00bb global_colors_info=\u00bb{}\u00bb]<\/p>\n<p><span>A trav\u00e9s de asesoramiento basado en soluciones a medida, formaci\u00f3n y auditor\u00eda, ayudo a las organizaciones a operar de forma \u00e9tica y sostenible, alineada con est\u00e1ndares internacionales y adaptada a sus desaf\u00edos reales.<\/span><\/p>\n<p>[\/et_pb_text][et_pb_button button_url=\u00bbhttps:\/\/wa.link\/hwupr0&#8243; button_text=\u00bbContacto\u00bb _builder_version=\u00bb4.27.4&#8243; _module_preset=\u00bb_initial\u00bb custom_button=\u00bbon\u00bb button_text_size=\u00bb16px\u00bb button_text_color=\u00bb#0e2d41&#8243; button_bg_color=\u00bbRGBA(255,255,255,0)\u00bb button_border_width=\u00bb2px\u00bb button_border_color=\u00bb#0e2d41&#8243; button_border_radius=\u00bb100px\u00bb button_font=\u00bbWork Sans|500||on|||||\u00bb custom_padding=\u00bb20px|30px|20px|30px|true|true\u00bb locked=\u00bboff\u00bb global_colors_info=\u00bb{}\u00bb button_bg_color__hover=\u00bb#e2f0ed\u00bb button_bg_color__hover_enabled=\u00bbon|hover\u00bb][\/et_pb_button][\/et_pb_column][\/et_pb_row][et_pb_row column_structure=\u00bb1_3,1_3,1_3&#8243; custom_padding_last_edited=\u00bbon|phone\u00bb _builder_version=\u00bb4.27.4&#8243; _module_preset=\u00bbdefault\u00bb background_color=\u00bb#FFFFFF\u00bb z_index=\u00bb10&#8243; max_width=\u00bb980px\u00bb custom_margin=\u00bb||||false|false\u00bb custom_margin_tablet=\u00bb0px||||false|false\u00bb custom_margin_phone=\u00bb0px||||false|false\u00bb custom_margin_last_edited=\u00bbon|tablet\u00bb custom_padding=\u00bb60px||0px|40px|false|false\u00bb custom_padding_tablet=\u00bb30px||30px|0px|true|false\u00bb custom_padding_phone=\u00bb30px||30px|0px|true|false\u00bb locked=\u00bboff\u00bb global_colors_info=\u00bb{}\u00bb][et_pb_column type=\u00bb1_3&#8243; _builder_version=\u00bb4.20.0&#8243; _module_preset=\u00bbdefault\u00bb global_colors_info=\u00bb{}\u00bb][et_pb_blurb title=\u00bbConsultor\u00eda en Sostenibilidad y Compliance\u00bb use_icon=\u00bbon\u00bb font_icon=\u00bb&#xf508;||fa||900&#8243; icon_color=\u00bbgcid-1b9885b1-d5db-4c39-ab49-d8f90e824600&#8243; icon_placement=\u00bbleft\u00bb image_icon_width=\u00bb32px\u00bb content_max_width=\u00bb100%\u00bb _builder_version=\u00bb4.27.4&#8243; _module_preset=\u00bb_initial\u00bb header_font=\u00bbPoppins|600|||||||\u00bb header_text_color=\u00bbgcid-555099d8-0bfe-48de-9d1d-02daa12bfc00&#8243; header_font_size=\u00bb20px\u00bb body_font=\u00bbWork Sans||||||||\u00bb body_text_color=\u00bbrgba(14,45,65,0.8)\u00bb animation=\u00bboff\u00bb header_font_size_tablet=\u00bb16px\u00bb header_font_size_phone=\u00bb15px\u00bb header_font_size_last_edited=\u00bbon|desktop\u00bb locked=\u00bboff\u00bb global_colors_info=\u00bb{%22gcid-1b9885b1-d5db-4c39-ab49-d8f90e824600%22:%91%22quote_border_color%22,%22icon_color%22%93,%22gcid-555099d8-0bfe-48de-9d1d-02daa12bfc00%22:%91%22header_text_color%22%93}\u00bb]<\/p>\n<p><span>Asesoramiento en la creaci\u00f3n y fortalecimiento de sistemas de gesti\u00f3n de Sostenibilidad y Compliance adaptados a cada organizaci\u00f3n.<\/span><\/p>\n<p>[\/et_pb_blurb][\/et_pb_column][et_pb_column type=\u00bb1_3&#8243; _builder_version=\u00bb4.20.0&#8243; _module_preset=\u00bbdefault\u00bb global_colors_info=\u00bb{}\u00bb][et_pb_blurb title=\u00bbAuditor\u00eda de Sistemas de Gesti\u00f3n\u00bb use_icon=\u00bbon\u00bb font_icon=\u00bb&#xf274;||fa||900&#8243; icon_color=\u00bbgcid-1b9885b1-d5db-4c39-ab49-d8f90e824600&#8243; icon_placement=\u00bbleft\u00bb image_icon_width=\u00bb32px\u00bb content_max_width=\u00bb100%\u00bb _builder_version=\u00bb4.27.4&#8243; _module_preset=\u00bb_initial\u00bb header_font=\u00bbPoppins|600|||||||\u00bb header_text_color=\u00bbgcid-555099d8-0bfe-48de-9d1d-02daa12bfc00&#8243; header_font_size=\u00bb20px\u00bb body_font=\u00bbWork Sans||||||||\u00bb body_text_color=\u00bbrgba(14,45,65,0.8)\u00bb animation=\u00bboff\u00bb header_font_size_tablet=\u00bb16px\u00bb header_font_size_phone=\u00bb15px\u00bb header_font_size_last_edited=\u00bbon|desktop\u00bb locked=\u00bboff\u00bb global_colors_info=\u00bb{%22gcid-1b9885b1-d5db-4c39-ab49-d8f90e824600%22:%91%22quote_border_color%22,%22icon_color%22%93,%22gcid-555099d8-0bfe-48de-9d1d-02daa12bfc00%22:%91%22header_text_color%22%93}\u00bb]<\/p>\n<p><span>Relevamiento y evaluaci\u00f3n de sistemas de gesti\u00f3n de Sostenibilidad y Compliance, siempre buscando agregar valor<\/span>.<\/p>\n<p>[\/et_pb_blurb][\/et_pb_column][et_pb_column type=\u00bb1_3&#8243; _builder_version=\u00bb4.20.0&#8243; _module_preset=\u00bbdefault\u00bb global_colors_info=\u00bb{}\u00bb][et_pb_blurb title=\u00bbCapacitaci\u00f3n y Formaci\u00f3n\u00bb use_icon=\u00bbon\u00bb font_icon=\u00bb&#xf51c;||fa||900&#8243; icon_color=\u00bbgcid-1b9885b1-d5db-4c39-ab49-d8f90e824600&#8243; icon_placement=\u00bbleft\u00bb image_icon_width=\u00bb32px\u00bb content_max_width=\u00bb100%\u00bb _builder_version=\u00bb4.27.4&#8243; _module_preset=\u00bb_initial\u00bb header_font=\u00bbPoppins|600|||||||\u00bb header_text_color=\u00bbgcid-555099d8-0bfe-48de-9d1d-02daa12bfc00&#8243; header_font_size=\u00bb20px\u00bb body_font=\u00bbWork Sans||||||||\u00bb body_text_color=\u00bbrgba(14,45,65,0.8)\u00bb animation=\u00bboff\u00bb header_font_size_tablet=\u00bb16px\u00bb header_font_size_phone=\u00bb15px\u00bb header_font_size_last_edited=\u00bbon|desktop\u00bb locked=\u00bboff\u00bb global_colors_info=\u00bb{%22gcid-1b9885b1-d5db-4c39-ab49-d8f90e824600%22:%91%22quote_border_color%22,%22icon_color%22%93,%22gcid-555099d8-0bfe-48de-9d1d-02daa12bfc00%22:%91%22header_text_color%22%93}\u00bb]<\/p>\n<p><span>Programas de entrenamiento personalizados y para equipos de trabajo en Sistemas de Gesti\u00f3n, Sostenibilidad y Compliance, con un enfoque din\u00e1mico y pr\u00e1ctico<\/span>.<\/p>\n<p>[\/et_pb_blurb][\/et_pb_column][\/et_pb_row][\/et_pb_section][et_pb_section fb_built=\u00bb1&#8243; admin_label=\u00bbFAQ\u00bb _builder_version=\u00bb4.27.4&#8243; _module_preset=\u00bbdefault\u00bb background_color=\u00bb#af8c16&#8243; collapsed=\u00bbon\u00bb global_colors_info=\u00bb{}\u00bb][et_pb_row _builder_version=\u00bb4.20.0&#8243; _module_preset=\u00bbdefault\u00bb global_colors_info=\u00bb{}\u00bb][et_pb_column type=\u00bb4_4&#8243; _builder_version=\u00bb4.19.3&#8243; _module_preset=\u00bbdefault\u00bb global_colors_info=\u00bb{}\u00bb][et_pb_text _builder_version=\u00bb4.27.4&#8243; _module_preset=\u00bb_initial\u00bb header_2_font=\u00bbPoppins|600|||||||\u00bb header_2_text_color=\u00bb#0e2d41&#8243; header_2_font_size=\u00bb40px\u00bb header_2_line_height=\u00bb1.2em\u00bb header_2_font_size_tablet=\u00bb32px\u00bb header_2_font_size_phone=\u00bb20px\u00bb header_2_font_size_last_edited=\u00bbon|desktop\u00bb global_colors_info=\u00bb{}\u00bb]<\/p>\n<h2>Preguntas Frecuentes<\/h2>\n<p>[\/et_pb_text][et_pb_accordion open_toggle_background_color=\u00bbRGBA(255,255,255,0)\u00bb closed_toggle_background_color=\u00bbRGBA(255,255,255,0)\u00bb toggle_icon=\u00bb&#xf067;||fa||900&#8243; icon_color=\u00bbgcid-555099d8-0bfe-48de-9d1d-02daa12bfc00&#8243; _builder_version=\u00bb4.27.4&#8243; _module_preset=\u00bb_initial\u00bb toggle_text_color=\u00bb#0e2d41&#8243; toggle_font=\u00bbPoppins||||||||\u00bb toggle_font_size=\u00bb18px\u00bb body_font=\u00bbWork Sans||||||||\u00bb body_text_color=\u00bb#326963&#8243; toggle_font_size_tablet=\u00bb16px\u00bb toggle_font_size_phone=\u00bb15px\u00bb toggle_font_size_last_edited=\u00bbon|desktop\u00bb border_width_all=\u00bb0px\u00bb border_color_all=\u00bb#0e2d41&#8243; border_width_bottom=\u00bb1px\u00bb locked=\u00bboff\u00bb global_colors_info=\u00bb{%22gcid-555099d8-0bfe-48de-9d1d-02daa12bfc00%22:%91%22icon_color%22%93}\u00bb][et_pb_accordion_item title=\u00bb\u00bfQu\u00e9 es el compliance y por qu\u00e9 es importante para mi empresa?\u00bb open=\u00bbon\u00bb _builder_version=\u00bb4.27.4&#8243; _module_preset=\u00bbdefault\u00bb global_colors_info=\u00bb{}\u00bb]<\/p>\n<p><span>Seg\u00fan la World Compliance Association es el conjunto de procedimientos y buenas pr\u00e1cticas adoptados por las organizaciones para identificar y clasificar los riesgos operativos y legales\u00a0a los que se enfrentan y establecer mecanismos internos de prevenci\u00f3n, gesti\u00f3n, control y reacci\u00f3n frente a los mismos.<\/span><\/p>\n<p><span>Esto significa que las organizaciones deben identificar aquellos riesgos operativos y legales que pueden perturbar sus operaciones, para luego implementar un programa que mitigue y controle dichos riesgos<\/span><\/p>\n<p>[\/et_pb_accordion_item][et_pb_accordion_item title=\u00bb\u00bfQu\u00e9 es la Sostenibilidad y por qu\u00e9 es importante para mi empresa?\u00bb _builder_version=\u00bb4.27.4&#8243; _module_preset=\u00bbdefault\u00bb global_colors_info=\u00bb{}\u00bb open=\u00bboff\u00bb]<\/p>\n<p><span>La Sostenibilidad Empresarial se refiere a la adopci\u00f3n de pr\u00e1cticas y estrategias que permiten a una empresa operar de manera responsable y eficiente, minimizando su impacto negativo en el medio ambiente, la sociedad y la econom\u00eda, tanto a corto como a largo plazo. Es decir, se trata de asegurar que las necesidades del presente se satisfagan sin comprometer la capacidad de las generaciones futuras para satisfacer las suyas. Tiene que ver con la satisfacci\u00f3n de las expectativas de los Grupos de Inter\u00e9s con los que tiene influencia.<\/span><\/p>\n<p>[\/et_pb_accordion_item][et_pb_accordion_item title=\u00bb\u00bfQu\u00e9 diferencia hay entre Sostenibilidad, Compliance y \u00c9tica Organizacional?\u00bb _builder_version=\u00bb4.27.4&#8243; _module_preset=\u00bbdefault\u00bb global_colors_info=\u00bb{}\u00bb open=\u00bboff\u00bb]<\/p>\n<p><span>La Sostenibilidad y Compliance se enfocan en identificar riesgos que puedan perturbar las operaciones de una organizaci\u00f3n, mientras que la \u00c9tica Organizacional va m\u00e1s all\u00e1: orienta la Cultura Interna hacia decisiones justas, responsables y sostenibles. Ambos conceptos se complementan, ya que una Cultura Organizacional facilita el cumplimiento real y duradero de las acciones que mitigan los riesgos en la organizaci\u00f3n.<\/span><\/p>\n<p>[\/et_pb_accordion_item][et_pb_accordion_item title=\u00bb\u00bfQu\u00e9 normas puedo implementar en materia de Sostenibilidad y Compliance?\u00bb _builder_version=\u00bb4.27.4&#8243; _module_preset=\u00bbdefault\u00bb global_colors_info=\u00bb{}\u00bb open=\u00bboff\u00bb]<\/p>\n<p><span>Las principales normas son ISO 14001 (Gesti\u00f3n Ambiental), SA 8000 (<\/span>Desempe\u00f1o Social<span>) ISO 37301 (Compliance) e ISO 37001 (Antisoborno). Estas normas ayudan a establecer procesos claros, mitigar riesgos y demostrar compromiso con la integridad, tanto frente a entes reguladores como al mercado.<\/span><\/p>\n<p>[\/et_pb_accordion_item][et_pb_accordion_item title=\u00bb\u00bfCu\u00e1nto tiempo lleva implementar una norma de Sostenibilidad y Compliance?\u00bb _builder_version=\u00bb4.27.4&#8243; _module_preset=\u00bbdefault\u00bb global_colors_info=\u00bb{}\u00bb open=\u00bboff\u00bb]<\/p>\n<p><span>Depende del tama\u00f1o de la organizaci\u00f3n, su complejidad y el nivel de madurez en temas de gesti\u00f3n. En general, puede llevar entre 7 y 12 meses. El enfoque se adapta al contexto de cada empresa, priorizando una implementaci\u00f3n realista, efectiva y alineada con sus recursos.<\/span><\/p>\n<p>[\/et_pb_accordion_item][et_pb_accordion_item title=\u00bb\u00bfQu\u00e9 beneficios obtengo al certificar estas normas?\u00bb _builder_version=\u00bb4.27.4&#8243; _module_preset=\u00bbdefault\u00bb global_colors_info=\u00bb{}\u00bb open=\u00bboff\u00bb]<\/p>\n<p><span>Certificar estas normas permite demostrar a terceros el compromiso con la Sostenibilidad, Transparencia y la prevenci\u00f3n de riesgos. Mejora la imagen institucional, facilita el acceso a grandes empresas, fortalece relaciones con inversores y reduce la posibilidad de fraudes o sanciones. Es una inversi\u00f3n estrat\u00e9gica para el crecimiento responsable.<\/span><\/p>\n<p>[\/et_pb_accordion_item][\/et_pb_accordion][et_pb_heading module_class=\u00bbai_ignore_all\u00bb _builder_version=\u00bb4.27.4&#8243; _module_preset=\u00bbf0c675ea-2574-4d0e-b725-30f8550a8550&#8243; title_level=\u00bbh4&#8243; title_font=\u00bbProza Libre|Cormorant Garamond_weight||on|||||\u00bb title_text_color=\u00bb#000000&#8243; title_font_size=\u00bb14px\u00bb title_letter_spacing=\u00bb1px\u00bb title_line_height=\u00bb1.4em\u00bb custom_margin=\u00bb||10px||false|false\u00bb title_font_size_tablet=\u00bb13px\u00bb title_font_size_phone=\u00bb13px\u00bb title_font_size_last_edited=\u00bbon|desktop\u00bb locked=\u00bboff\u00bb global_colors_info=\u00bb{%22#457b9d%22:%91%22title_text_color%22%93}\u00bb][\/et_pb_heading][\/et_pb_column][\/et_pb_row][\/et_pb_section]<\/p>\n","protected":false},"excerpt":{"rendered":"<p>Sebasti\u00e1n RabinowiczTrabajo hace m\u00e1s de 22 a\u00f1os acompa\u00f1ando a todo tipo de organizaciones en la implementaci\u00f3n de sistemas de gesti\u00f3n y especializaci\u00f3n en normas de Sostenibilidad y Compliance. Soy uno de los referentes en las ISO 37001 (Antisoborno) y 37301 (Compliance), combinando un enfoque t\u00e9cnico con una mirada estrat\u00e9gica y de creaci\u00f3n de valor. Creo [&hellip;]<\/p>\n","protected":false},"author":1,"featured_media":0,"parent":0,"menu_order":0,"comment_status":"closed","ping_status":"open","template":"","meta":{"_et_pb_use_builder":"on","_et_pb_old_content":"<!-- wp:paragraph -->\n<p>This is an example page. It's different from a blog post because it will stay in one place and will show up in your site navigation (in most themes). Most people start with an About page that introduces them to potential site visitors. It might say something like this:<\/p>\n<!-- \/wp:paragraph -->\n\n<!-- wp:quote -->\n<blockquote class=\"wp-block-quote\"><p>Hi there! I'm a bike messenger by day, aspiring actor by night, and this is my website. I live in Los Angeles, have a great dog named Jack, and I like pi&#241;a coladas. (And gettin' caught in the rain.)<\/p><\/blockquote>\n<!-- \/wp:quote -->\n\n<!-- wp:paragraph -->\n<p>...or something like this:<\/p>\n<!-- \/wp:paragraph -->\n\n<!-- wp:quote -->\n<blockquote class=\"wp-block-quote\"><p>The XYZ Doohickey Company was founded in 1971, and has been providing quality doohickeys to the public ever since. Located in Gotham City, XYZ employs over 2,000 people and does all kinds of awesome things for the Gotham community.<\/p><\/blockquote>\n<!-- \/wp:quote -->\n\n<!-- wp:paragraph -->\n<p>As a new WordPress user, you should go to <a href=\"https:\/\/sebastianrabinowicz.com\/wp-admin\/\">your dashboard<\/a> to delete this page and create new pages for your content. Have fun!<\/p>\n<!-- \/wp:paragraph -->","_et_gb_content_width":"","footnotes":""},"class_list":["post-2","page","type-page","status-publish","hentry"],"_links":{"self":[{"href":"https:\/\/sebastianrabinowicz.com\/index.php\/wp-json\/wp\/v2\/pages\/2","targetHints":{"allow":["GET"]}}],"collection":[{"href":"https:\/\/sebastianrabinowicz.com\/index.php\/wp-json\/wp\/v2\/pages"}],"about":[{"href":"https:\/\/sebastianrabinowicz.com\/index.php\/wp-json\/wp\/v2\/types\/page"}],"author":[{"embeddable":true,"href":"https:\/\/sebastianrabinowicz.com\/index.php\/wp-json\/wp\/v2\/users\/1"}],"replies":[{"embeddable":true,"href":"https:\/\/sebastianrabinowicz.com\/index.php\/wp-json\/wp\/v2\/comments?post=2"}],"version-history":[{"count":8,"href":"https:\/\/sebastianrabinowicz.com\/index.php\/wp-json\/wp\/v2\/pages\/2\/revisions"}],"predecessor-version":[{"id":69,"href":"https:\/\/sebastianrabinowicz.com\/index.php\/wp-json\/wp\/v2\/pages\/2\/revisions\/69"}],"wp:attachment":[{"href":"https:\/\/sebastianrabinowicz.com\/index.php\/wp-json\/wp\/v2\/media?parent=2"}],"curies":[{"name":"wp","href":"https:\/\/api.w.org\/{rel}","templated":true}]}}